{"id":2489,"date":"2023-12-06T01:03:32","date_gmt":"2023-12-06T01:03:32","guid":{"rendered":"https:\/\/towelistic.ca\/politique-de-confidentialite\/"},"modified":"2024-03-05T10:48:11","modified_gmt":"2024-03-05T10:48:11","slug":"politique-de-confidentialite","status":"publish","type":"page","link":"https:\/\/towelistic.ca\/fr\/politique-de-confidentialite\/","title":{"rendered":"Politique de Confidentialit\u00e9"},"content":{"rendered":"\t\t<div data-elementor-type=\"wp-page\" data-elementor-id=\"2489\" class=\"elementor elementor-2489 elementor-2440\" data-elementor-post-type=\"page\">\n\t\t\t\t\t\t<section class=\"elementor-section elementor-top-section elementor-element elementor-element-30d5182 elementor-section-boxed elementor-section-height-default elementor-section-height-default\" data-id=\"30d5182\" data-element_type=\"section\" data-settings=\"{&quot;background_background&quot;:&quot;classic&quot;}\">\n\t\t\t\t\t\t<div class=\"elementor-container elementor-column-gap-default\">\n\t\t\t\t\t<div class=\"elementor-column elementor-col-100 elementor-top-column elementor-element elementor-element-494b65c\" data-id=\"494b65c\" data-element_type=\"column\">\n\t\t\t<div class=\"elementor-widget-wrap elementor-element-populated\">\n\t\t\t\t\t\t\t<\/div>\n\t\t<\/div>\n\t\t\t\t\t<\/div>\n\t\t<\/section>\n\t\t\t\t<section class=\"elementor-section elementor-top-section elementor-element elementor-element-df7d091 elementor-section-boxed elementor-section-height-default elementor-section-height-default\" data-id=\"df7d091\" data-element_type=\"section\" data-settings=\"{&quot;shape_divider_top&quot;:&quot;pyramids&quot;,&quot;shape_divider_top_negative&quot;:&quot;yes&quot;,&quot;shape_divider_bottom&quot;:&quot;pyramids&quot;}\">\n\t\t\t\t\t<div class=\"elementor-shape elementor-shape-top\" data-negative=\"true\">\n\t\t\t<svg xmlns=\"http:\/\/www.w3.org\/2000\/svg\" viewBox=\"0 0 1000 100\" preserveAspectRatio=\"none\">\n\t<path class=\"elementor-shape-fill\" d=\"M761.9,40.6L643.1,24L333.9,93.8L0.1,1H0v99h1000V1\"\/>\n<\/svg>\t\t<\/div>\n\t\t\t\t<div class=\"elementor-shape elementor-shape-bottom\" data-negative=\"false\">\n\t\t\t<svg xmlns=\"http:\/\/www.w3.org\/2000\/svg\" viewBox=\"0 0 1000 100\" preserveAspectRatio=\"none\">\n\t<path class=\"elementor-shape-fill\" d=\"M761.9,44.1L643.1,27.2L333.8,98L0,3.8V0l1000,0v3.9\"\/>\n<\/svg>\t\t<\/div>\n\t\t\t\t\t<div class=\"elementor-container elementor-column-gap-default\">\n\t\t\t\t\t<div class=\"elementor-column elementor-col-100 elementor-top-column elementor-element elementor-element-ebd0d18\" data-id=\"ebd0d18\" data-element_type=\"column\">\n\t\t\t<div class=\"elementor-widget-wrap elementor-element-populated\">\n\t\t\t\t\t\t<div class=\"elementor-element elementor-element-c309d08 elementor-widget elementor-widget-text-editor\" data-id=\"c309d08\" data-element_type=\"widget\" data-widget_type=\"text-editor.default\">\n\t\t\t\t<div class=\"elementor-widget-container\">\n\t\t\t<style>\/*! elementor - v3.21.0 - 30-04-2024 *\/\n.elementor-widget-text-editor.elementor-drop-cap-view-stacked .elementor-drop-cap{background-color:#69727d;color:#fff}.elementor-widget-text-editor.elementor-drop-cap-view-framed .elementor-drop-cap{color:#69727d;border:3px solid;background-color:transparent}.elementor-widget-text-editor:not(.elementor-drop-cap-view-default) .elementor-drop-cap{margin-top:8px}.elementor-widget-text-editor:not(.elementor-drop-cap-view-default) .elementor-drop-cap-letter{width:1em;height:1em}.elementor-widget-text-editor .elementor-drop-cap{float:left;text-align:center;line-height:1;font-size:50px}.elementor-widget-text-editor .elementor-drop-cap-letter{display:inline-block}<\/style>\t\t\t\t<p><strong>Cette politique de confidentialit\u00e9 a \u00e9t\u00e9 mise \u00e0 jour derni\u00e8rement 01\/27\/2024.<\/strong><\/p>\n<p>Bienvenue sur <strong><a href=\"https:\/\/towelistic.ca\/fr\/\">towelistic.ca<\/a><\/strong>! Chez Towelistic, nous nous engageons \u00e0 prot\u00e9ger votre vie priv\u00e9e. Cette politique de confidentialit\u00e9 d\u00e9crit la mani\u00e8re dont nous collectons, utilisons, divulguons et prot\u00e9geons vos informations personnelles lorsque vous visitez notre site Web et utilisez nos services.<\/p>\n<p>Dans cette politique, les termes \u00ab utilisateur \u00bb, \u00ab personne \u00bb ou \u00ab vous \u00bb vous d\u00e9signent en tant que consommateur utilisant la plateforme.<\/p>\n<p>En choisissant d&rsquo;utiliser notre service, vous acceptez par la pr\u00e9sente la collecte et l&rsquo;utilisation d&rsquo;informations avec cette politique de confidentialit\u00e9. Les informations personnelles collect\u00e9es seront ensuite utilis\u00e9es pour fournir et am\u00e9liorer nos services.<\/p>\n<p>Towelistic adopte cette politique de confidentialit\u00e9 et vous encourage \u00e0 la lire dans son int\u00e9gralit\u00e9. En tant qu&rsquo;utilisateur, vous consentez par la pr\u00e9sente \u00e0 l&rsquo;utilisation de vos informations personnelles divulgu\u00e9es pour ce qui suit, mais sans s&rsquo;y limiter, la collecte, l&rsquo;utilisation, la communication et la conservation par Towelistic, conform\u00e9ment aux termes de cette politique de confidentialit\u00e9.<\/p>\n<p>Conform\u00e9ment aux lois et r\u00e9glementations canadiennes sur la confidentialit\u00e9, y compris la loi 25 (\u00e9galement connue sous le nom de projet de loi 64), nous avons mis en \u0153uvre cette politique de confidentialit\u00e9 pour vous informer des types de renseignements personnels que nous collectons, de la mani\u00e8re dont nous les utilisons et des mesures que nous prenons pour le sauvegarder.<\/p>\n\t\t\t\t\t\t<\/div>\n\t\t\t\t<\/div>\n\t\t\t\t<div class=\"elementor-element elementor-element-cb900bc elementor-widget elementor-widget-heading\" data-id=\"cb900bc\" data-element_type=\"widget\" data-widget_type=\"heading.default\">\n\t\t\t\t<div class=\"elementor-widget-container\">\n\t\t\t<style>\/*! elementor - v3.21.0 - 30-04-2024 *\/\n.elementor-heading-title{padding:0;margin:0;line-height:1}.elementor-widget-heading .elementor-heading-title[class*=elementor-size-]>a{color:inherit;font-size:inherit;line-height:inherit}.elementor-widget-heading .elementor-heading-title.elementor-size-small{font-size:15px}.elementor-widget-heading .elementor-heading-title.elementor-size-medium{font-size:19px}.elementor-widget-heading .elementor-heading-title.elementor-size-large{font-size:29px}.elementor-widget-heading .elementor-heading-title.elementor-size-xl{font-size:39px}.elementor-widget-heading .elementor-heading-title.elementor-size-xxl{font-size:59px}<\/style><h2 class=\"elementor-heading-title elementor-size-default\">Loi Qu\u00e9bec 25<\/h2>\t\t<\/div>\n\t\t\t\t<\/div>\n\t\t\t\t<div class=\"elementor-element elementor-element-e7c7bdd elementor-widget elementor-widget-text-editor\" data-id=\"e7c7bdd\" data-element_type=\"widget\" data-widget_type=\"text-editor.default\">\n\t\t\t\t<div class=\"elementor-widget-container\">\n\t\t\t\t\t\t\t<p>La loi 25 du Qu\u00e9bec garantit que vous avez acc\u00e8s aux droits suivants<\/p>\n<ul>\n<li><strong>Droit d&rsquo;\u00eatre inform\u00e9<\/strong> &#8211; Les utilisateurs ont le droit de savoir comment leurs donn\u00e9es seront utilis\u00e9es, collect\u00e9es et partag\u00e9es.<\/li>\n<li><strong>Droit d&rsquo;acc\u00e8s<\/strong> &#8211; Les utilisateurs ont le droit d&rsquo;acc\u00e9der \u00e0 leurs donn\u00e9es personnelles d\u00e9tenues par une organisation. Ils peuvent \u00e9galement conna\u00eetre les donn\u00e9es dont ils disposent et obtenir une copie de leurs donn\u00e9es personnelles.<\/li>\n<li><strong>Droit de rectification<\/strong> &#8211; Les utilisateurs ont le droit de corriger toute erreur concernant leurs informations.<\/li>\n<li><strong>Droit \u00e0 l&rsquo;effacement<\/strong> &#8211; Les utilisateurs ont le droit de demander la suppression et la suppression de leurs donn\u00e9es dans certains cas, y compris, mais sans s&rsquo;y limiter, lorsqu&rsquo;elles ne sont plus n\u00e9cessaires.<\/li>\n<li><strong>Droit de retirer son consentement<\/strong> &#8211; les utilisateurs ont le droit de retirer leur consentement concernant l&rsquo;utilisation de leurs donn\u00e9es, y compris, mais sans s&rsquo;y limiter, un changement d&rsquo;avis.<\/li>\n<li><strong>Droit \u00e0 la portabilit\u00e9 des donn\u00e9es<\/strong> &#8211; Les utilisateurs ont le droit de demander une copie de leurs donn\u00e9es dans un format lisible, et m\u00eame de demander qu&rsquo;elles soient envoy\u00e9es \u00e0 une autre organisation dans la mesure du possible.<\/li>\n<li><strong>Droit d&rsquo;\u00eatre inform\u00e9 du traitement automatis\u00e9<\/strong> &#8211; Les utilisateurs ont le droit d&rsquo;\u00eatre inform\u00e9s lorsque leurs informations doivent \u00eatre utilis\u00e9es et sont utilis\u00e9es pour des d\u00e9cisions automatis\u00e9es dans l&rsquo;entreprise, et doivent \u00eatre fournies simultan\u00e9ment avec la d\u00e9cision elle-m\u00eame.<\/li>\n<\/ul>\n<p>Towelistic est tenu de r\u00e9pondre aux demandes dans les 30 jours suivant leur r\u00e9ception, et les utilisateurs peuvent \u00e9galement demander une prolongation si n\u00e9cessaire.<\/p>\n\t\t\t\t\t\t<\/div>\n\t\t\t\t<\/div>\n\t\t\t\t<div class=\"elementor-element elementor-element-8dfd294 elementor-widget elementor-widget-heading\" data-id=\"8dfd294\" data-element_type=\"widget\" data-widget_type=\"heading.default\">\n\t\t\t\t<div class=\"elementor-widget-container\">\n\t\t\t<h2 class=\"elementor-heading-title elementor-size-default\">Comment nous prot\u00e9geons vos informations<\/h2>\t\t<\/div>\n\t\t\t\t<\/div>\n\t\t\t\t<div class=\"elementor-element elementor-element-373e0eb elementor-widget elementor-widget-text-editor\" data-id=\"373e0eb\" data-element_type=\"widget\" data-widget_type=\"text-editor.default\">\n\t\t\t\t<div class=\"elementor-widget-container\">\n\t\t\t\t\t\t\t<p>Nous prenons la s\u00e9curit\u00e9 de vos informations au s\u00e9rieux et utilisons un certain nombre de m\u00e9thodes afin de prot\u00e9ger en toute s\u00e9curit\u00e9 vos informations contre tout acc\u00e8s, divulgation, alt\u00e9ration et destruction non autoris\u00e9s.<\/p>\n<p>Vous trouverez ci-dessous quelques-unes des mesures que nous prenons pour prot\u00e9ger vos informations<\/p>\n<ul>\n<li><strong>Mesures de s\u00e9curit\u00e9<\/strong> &#8211; Nous mettons en \u0153uvre des mesures de s\u00e9curit\u00e9 raisonnables pour prot\u00e9ger vos informations personnelles contre tout acc\u00e8s, divulgation, alt\u00e9ration et destruction non autoris\u00e9s.<\/li>\n<li><strong>Cryptage SSL<\/strong> \u2013 Notre site Web utilise le cryptage SSL pour s\u00e9curiser la transmission des informations sensibles.<\/li>\n<li><strong>Minimisation des donn\u00e9es<\/strong> &#8211; Nous collectons et conservons uniquement les informations personnelles n\u00e9cessaires aux fins d\u00e9crites dans la pr\u00e9sente politique de confidentialit\u00e9. Les donn\u00e9es inutiles ne sont pas collect\u00e9es ou sont rapidement supprim\u00e9es.<\/li>\n<li><strong>Audits de s\u00e9curit\u00e9 r\u00e9guliers<\/strong> \u2013 Nous effectuons r\u00e9guli\u00e8rement des audits et des \u00e9valuations de s\u00e9curit\u00e9 pour identifier et traiter les risques de s\u00e9curit\u00e9 potentiels. Cela comprend la r\u00e9vision et la mise \u00e0 jour de nos politiques et proc\u00e9dures de s\u00e9curit\u00e9.<\/li>\n<\/ul>\n<p>Bien que nous mettions en \u0153uvre ces mesures pour prot\u00e9ger vos informations, il est important de noter qu&rsquo;aucune m\u00e9thode de transmission sur Internet ou m\u00e9thode de stockage \u00e9lectronique n&rsquo;est s\u00e9curis\u00e9e \u00e0 100 %. Par cons\u00e9quent, m\u00eame si nous nous effor\u00e7ons d\u2019utiliser des moyens commercialement acceptables pour prot\u00e9ger vos informations personnelles, nous ne pouvons garantir leur s\u00e9curit\u00e9 absolue. Si vous avez des inqui\u00e9tudes concernant la s\u00e9curit\u00e9 de vos informations, veuillez <strong><a href=\"https:\/\/towelistic.ca\/fr\/nous-contacter\/\">nous contacter<\/a><\/strong>.<\/p>\n\t\t\t\t\t\t<\/div>\n\t\t\t\t<\/div>\n\t\t\t\t<div class=\"elementor-element elementor-element-91f1b85 elementor-widget elementor-widget-heading\" data-id=\"91f1b85\" data-element_type=\"widget\" data-widget_type=\"heading.default\">\n\t\t\t\t<div class=\"elementor-widget-container\">\n\t\t\t<h2 class=\"elementor-heading-title elementor-size-default\">Informations que nous collectons<\/h2>\t\t<\/div>\n\t\t\t\t<\/div>\n\t\t\t\t<div class=\"elementor-element elementor-element-e2c9d48 elementor-widget elementor-widget-text-editor\" data-id=\"e2c9d48\" data-element_type=\"widget\" data-widget_type=\"text-editor.default\">\n\t\t\t\t<div class=\"elementor-widget-container\">\n\t\t\t\t\t\t\t<p>Nous pouvons collecter des informations personnelles identifiables, notamment, mais sans s&rsquo;y limiter, votre nom, votre adresse e-mail, votre num\u00e9ro de t\u00e9l\u00e9phone et vos informations de facturation lorsque vous nous les fournissez volontairement lors de l&rsquo;utilisation de notre site Web ou de nos services. Nous pouvons collecter automatiquement des informations sur la fa\u00e7on dont vous interagissez avec notre site Web, notamment votre adresse IP, votre type de navigateur, les pages visit\u00e9es ainsi que l&rsquo;heure et la date de votre visite.<\/p>\n\t\t\t\t\t\t<\/div>\n\t\t\t\t<\/div>\n\t\t\t\t<div class=\"elementor-element elementor-element-2ab742b elementor-widget elementor-widget-heading\" data-id=\"2ab742b\" data-element_type=\"widget\" data-widget_type=\"heading.default\">\n\t\t\t\t<div class=\"elementor-widget-container\">\n\t\t\t<h3 class=\"elementor-heading-title elementor-size-default\">Utilisation des informations<\/h3>\t\t<\/div>\n\t\t\t\t<\/div>\n\t\t\t\t<div class=\"elementor-element elementor-element-7e42d53 elementor-widget elementor-widget-text-editor\" data-id=\"7e42d53\" data-element_type=\"widget\" data-widget_type=\"text-editor.default\">\n\t\t\t\t<div class=\"elementor-widget-container\">\n\t\t\t\t\t\t\t<p>Nous collectons et traitons vos informations personnelles \u00e0 diverses fins, toutes conformes aux bases juridiques sp\u00e9cifi\u00e9es dans les lois applicables en mati\u00e8re de protection des donn\u00e9es. Les informations que nous collectons peuvent \u00eatre utilis\u00e9es aux fins suivantes :<\/p>\n<ul>\n<li><strong>Personnalisation<\/strong> &#8211; Nous utilisons vos informations personnelles pour personnaliser votre exp\u00e9rience sur notre site Web et pour vous fournir un contenu et des services personnalis\u00e9s.<\/li>\n<li><strong>Communication<\/strong> &#8211; Nous pouvons utiliser vos coordonn\u00e9es pour communiquer avec vous au sujet de nos produits, services et offres promotionnelles. Vous pouvez vous d\u00e9sinscrire de ces communications \u00e0 tout moment.<\/li>\n<li><strong>Transactions<\/strong> &#8211; Nous utilisons vos informations pour traiter les transactions et fournir les produits ou services que vous avez demand\u00e9s.<\/li>\n<\/ul>\n\t\t\t\t\t\t<\/div>\n\t\t\t\t<\/div>\n\t\t\t\t<div class=\"elementor-element elementor-element-20d4e08 elementor-widget elementor-widget-heading\" data-id=\"20d4e08\" data-element_type=\"widget\" data-widget_type=\"heading.default\">\n\t\t\t\t<div class=\"elementor-widget-container\">\n\t\t\t<h2 class=\"elementor-heading-title elementor-size-default\">Donn\u00e9es du journal\n<\/h2>\t\t<\/div>\n\t\t\t\t<\/div>\n\t\t\t\t<div class=\"elementor-element elementor-element-bf1b603 elementor-widget elementor-widget-text-editor\" data-id=\"bf1b603\" data-element_type=\"widget\" data-widget_type=\"text-editor.default\">\n\t\t\t\t<div class=\"elementor-widget-container\">\n\t\t\t\t\t\t\t<p>En utilisant notre service, vous consentez \u00e9galement \u00e0 ce que nous collections les informations que votre navigateur nous envoie. Ces donn\u00e9es sont appel\u00e9es \u00ab Donn\u00e9es de journal \u00bb. Et les donn\u00e9es de journal peuvent inclure des informations telles que l&rsquo;adresse de protocole Internet (\u00ab IP \u00bb) de votre ordinateur, la version du navigateur, les pages de nos services, l&rsquo;heure, la date de votre visite, le temps pass\u00e9 sur ces pages et d&rsquo;autres statistiques. <\/p>\n\t\t\t\t\t\t<\/div>\n\t\t\t\t<\/div>\n\t\t\t\t<div class=\"elementor-element elementor-element-0e78a13 elementor-widget elementor-widget-heading\" data-id=\"0e78a13\" data-element_type=\"widget\" data-widget_type=\"heading.default\">\n\t\t\t\t<div class=\"elementor-widget-container\">\n\t\t\t<h2 class=\"elementor-heading-title elementor-size-default\">Cookies<\/h2>\t\t<\/div>\n\t\t\t\t<\/div>\n\t\t\t\t<div class=\"elementor-element elementor-element-0efa085 elementor-widget elementor-widget-text-editor\" data-id=\"0efa085\" data-element_type=\"widget\" data-widget_type=\"text-editor.default\">\n\t\t\t\t<div class=\"elementor-widget-container\">\n\t\t\t\t\t\t\t<p>Les cookies sont des fichiers contenant une petite quantit\u00e9 de donn\u00e9es qui sont couramment utilis\u00e9s comme identifiant unique anonyme. Ceux-ci sont envoy\u00e9s \u00e0 votre navigateur depuis un site Internet que vous visitez et sont stock\u00e9s sur le disque dur de votre ordinateur. Notre site Web utilise ces cookies pour collecter des informations et am\u00e9liorer notre service.<\/p>\n\t\t\t\t\t\t<\/div>\n\t\t\t\t<\/div>\n\t\t\t\t<div class=\"elementor-element elementor-element-93e4237 elementor-widget elementor-widget-heading\" data-id=\"93e4237\" data-element_type=\"widget\" data-widget_type=\"heading.default\">\n\t\t\t\t<div class=\"elementor-widget-container\">\n\t\t\t<h2 class=\"elementor-heading-title elementor-size-default\">Modifications de cette politique de confidentialit\u00e9<\/h2>\t\t<\/div>\n\t\t\t\t<\/div>\n\t\t\t\t<div class=\"elementor-element elementor-element-bb5600a elementor-widget elementor-widget-text-editor\" data-id=\"bb5600a\" data-element_type=\"widget\" data-widget_type=\"text-editor.default\">\n\t\t\t\t<div class=\"elementor-widget-container\">\n\t\t\t\t\t\t\t<p>Nous pouvons mettre \u00e0 jour notre politique de confidentialit\u00e9 de temps \u00e0 autre. Ainsi, nous vous conseillons de consulter p\u00e9riodiquement cette page pour conna\u00eetre les changements. Nous vous informerons \u00e9galement de tout changement en publiant la nouvelle politique de confidentialit\u00e9 sur cette page. Ces modifications entrent en vigueur imm\u00e9diatement apr\u00e8s leur publication.<\/p>\n\t\t\t\t\t\t<\/div>\n\t\t\t\t<\/div>\n\t\t\t\t<div class=\"elementor-element elementor-element-eb48e75 elementor-widget elementor-widget-heading\" data-id=\"eb48e75\" data-element_type=\"widget\" data-widget_type=\"heading.default\">\n\t\t\t\t<div class=\"elementor-widget-container\">\n\t\t\t<h2 class=\"elementor-heading-title elementor-size-default\">Nous contacter<\/h2>\t\t<\/div>\n\t\t\t\t<\/div>\n\t\t\t\t<div class=\"elementor-element elementor-element-55bc8e5 elementor-widget elementor-widget-text-editor\" data-id=\"55bc8e5\" data-element_type=\"widget\" data-widget_type=\"text-editor.default\">\n\t\t\t\t<div class=\"elementor-widget-container\">\n\t\t\t\t\t\t\t<p>Si vous avez des questions ou des suggestions, n&rsquo;h\u00e9sitez pas \u00e0 nous contacter via notre e-mail ou notre page <strong><a href=\"https:\/\/towelistic.ca\/fr\/nous-contacter\/\">contactez-nous<\/a><\/strong>.<\/p>\n\t\t\t\t\t\t<\/div>\n\t\t\t\t<\/div>\n\t\t\t\t\t<\/div>\n\t\t<\/div>\n\t\t\t\t\t<\/div>\n\t\t<\/section>\n\t\t\t\t<\/div>\n\t\t","protected":false},"excerpt":{"rendered":"<p>Cette politique de confidentialit\u00e9 a \u00e9t\u00e9 mise \u00e0 jour derni\u00e8rement 01\/27\/2024. Bienvenue sur towelistic.ca! Chez Towelistic, nous nous engageons \u00e0 prot\u00e9ger votre vie priv\u00e9e. Cette politique de confidentialit\u00e9 d\u00e9crit la mani\u00e8re dont nous collectons, utilisons, divulguons et prot\u00e9geons vos informations personnelles lorsque vous visitez notre site Web et utilisez nos services. Dans cette politique, les [&hellip;]<\/p>\n","protected":false},"author":1,"featured_media":0,"parent":0,"menu_order":0,"comment_status":"closed","ping_status":"closed","template":"elementor_header_footer","meta":{"_lmt_disableupdate":"","_lmt_disable":"","site-sidebar-layout":"no-sidebar","site-content-layout":"page-builder","ast-site-content-layout":"full-width-container","site-content-style":"unboxed","site-sidebar-style":"unboxed","ast-global-header-display":"","ast-banner-title-visibility":"","ast-main-header-display":"","ast-hfb-above-header-display":"","ast-hfb-below-header-display":"","ast-hfb-mobile-header-display":"","site-post-title":"disabled","ast-breadcrumbs-content":"","ast-featured-img":"disabled","footer-sml-layout":"","theme-transparent-header-meta":"","adv-header-id-meta":"","stick-header-meta":"","header-above-stick-meta":"","header-main-stick-meta":"","header-below-stick-meta":"","astra-migrate-meta-layouts":"default","ast-page-background-enabled":"default","ast-page-background-meta":{"desktop":{"background-color":"var(--ast-global-color-4)","background-image":"","background-repeat":"repeat","background-position":"center center","background-size":"auto","background-attachment":"scroll","background-type":"","background-media":"","overlay-type":"","overlay-color":"","overlay-gradient":""},"tablet":{"background-color":"","background-image":"","background-repeat":"repeat","background-position":"center center","background-size":"auto","background-attachment":"scroll","background-type":"","background-media":"","overlay-type":"","overlay-color":"","overlay-gradient":""},"mobile":{"background-color":"","background-image":"","background-repeat":"repeat","background-position":"center center","background-size":"auto","background-attachment":"scroll","background-type":"","background-media":"","overlay-type":"","overlay-color":"","overlay-gradient":""}},"ast-content-background-meta":{"desktop":{"background-color":"var(--ast-global-color-5)","background-image":"","background-repeat":"repeat","background-position":"center center","background-size":"auto","background-attachment":"scroll","background-type":"","background-media":"","overlay-type":"","overlay-color":"","overlay-gradient":""},"tablet":{"background-color":"var(--ast-global-color-5)","background-image":"","background-repeat":"repeat","background-position":"center center","background-size":"auto","background-attachment":"scroll","background-type":"","background-media":"","overlay-type":"","overlay-color":"","overlay-gradient":""},"mobile":{"background-color":"var(--ast-global-color-5)","background-image":"","background-repeat":"repeat","background-position":"center center","background-size":"auto","background-attachment":"scroll","background-type":"","background-media":"","overlay-type":"","overlay-color":"","overlay-gradient":""}},"footnotes":""},"class_list":["post-2489","page","type-page","status-publish","hentry"],"_links":{"self":[{"href":"https:\/\/towelistic.ca\/fr\/wp-json\/wp\/v2\/pages\/2489","targetHints":{"allow":["GET"]}}],"collection":[{"href":"https:\/\/towelistic.ca\/fr\/wp-json\/wp\/v2\/pages"}],"about":[{"href":"https:\/\/towelistic.ca\/fr\/wp-json\/wp\/v2\/types\/page"}],"author":[{"embeddable":true,"href":"https:\/\/towelistic.ca\/fr\/wp-json\/wp\/v2\/users\/1"}],"replies":[{"embeddable":true,"href":"https:\/\/towelistic.ca\/fr\/wp-json\/wp\/v2\/comments?post=2489"}],"version-history":[{"count":46,"href":"https:\/\/towelistic.ca\/fr\/wp-json\/wp\/v2\/pages\/2489\/revisions"}],"predecessor-version":[{"id":3036,"href":"https:\/\/towelistic.ca\/fr\/wp-json\/wp\/v2\/pages\/2489\/revisions\/3036"}],"wp:attachment":[{"href":"https:\/\/towelistic.ca\/fr\/wp-json\/wp\/v2\/media?parent=2489"}],"curies":[{"name":"wp","href":"https:\/\/api.w.org\/{rel}","templated":true}]}}