{"id":1646,"date":"2023-08-31T02:35:00","date_gmt":"2023-08-31T02:35:00","guid":{"rendered":"https:\/\/towelistic.ca\/product\/serviette-en-microfibre-design-3\/"},"modified":"2023-12-12T02:32:46","modified_gmt":"2023-12-12T02:32:46","slug":"serviette-microfibre-tortue-bleu-avec-sac","status":"publish","type":"product","link":"https:\/\/towelistic.ca\/fr\/produit\/serviette-microfibre-tortue-bleu-avec-sac\/","title":{"rendered":"Serviette Microfibre Tortue\/Bleu avec Sac"},"content":{"rendered":"<p>Une serviette en microfibre peut \u00eatre port\u00e9e sur le corps pour prot\u00e9ger la peau ou utilis\u00e9e comme tapis de plage pour \u00e9viter le sable.<br \/>\nQue vous soyez \u00e0 la plage, \u00e0 la piscine ou sous la douche, notre serviette en microfibre vous sera utile.<br \/>\nLa serviette en microfibre a une vari\u00e9t\u00e9 de motifs, une impression claire qui ne se d\u00e9colore pas, convient \u00e0 la serviette de piscine de voyage, etc.<\/p>\n<ul>\n<li>Sans sable et super absorbant<\/li>\n<li>S\u00e9chage rapide et super doux<\/li>\n<\/ul>\n","protected":false},"excerpt":{"rendered":"<p>Une serviette en microfibre peut \u00eatre port\u00e9e sur le corps pour prot\u00e9ger la peau ou utilis\u00e9e comme tapis de plage pour \u00e9viter le sable.<\/p>\n","protected":false},"featured_media":2704,"comment_status":"open","ping_status":"closed","template":"","meta":{"_lmt_disableupdate":"no","_lmt_disable":"","site-sidebar-layout":"default","site-content-layout":"","ast-site-content-layout":"default","site-content-style":"default","site-sidebar-style":"default","ast-global-header-display":"","ast-banner-title-visibility":"","ast-main-header-display":"","ast-hfb-above-header-display":"","ast-hfb-below-header-display":"","ast-hfb-mobile-header-display":"","site-post-title":"","ast-breadcrumbs-content":"","ast-featured-img":"","footer-sml-layout":"","theme-transparent-header-meta":"default","adv-header-id-meta":"","stick-header-meta":"","header-above-stick-meta":"","header-main-stick-meta":"","header-below-stick-meta":"","astra-migrate-meta-layouts":"set","ast-page-background-enabled":"default","ast-page-background-meta":{"desktop":{"background-color":"var(--ast-global-color-4)","background-image":"","background-repeat":"repeat","background-position":"center center","background-size":"auto","background-attachment":"scroll","background-type":"","background-media":"","overlay-type":"","overlay-color":"","overlay-gradient":""},"tablet":{"background-color":"","background-image":"","background-repeat":"repeat","background-position":"center center","background-size":"auto","background-attachment":"scroll","background-type":"","background-media":"","overlay-type":"","overlay-color":"","overlay-gradient":""},"mobile":{"background-color":"","background-image":"","background-repeat":"repeat","background-position":"center center","background-size":"auto","background-attachment":"scroll","background-type":"","background-media":"","overlay-type":"","overlay-color":"","overlay-gradient":""}},"ast-content-background-meta":{"desktop":{"background-color":"var(--ast-global-color-5)","background-image":"","background-repeat":"repeat","background-position":"center center","background-size":"auto","background-attachment":"scroll","background-type":"","background-media":"","overlay-type":"","overlay-color":"","overlay-gradient":""},"tablet":{"background-color":"var(--ast-global-color-5)","background-image":"","background-repeat":"repeat","background-position":"center center","background-size":"auto","background-attachment":"scroll","background-type":"","background-media":"","overlay-type":"","overlay-color":"","overlay-gradient":""},"mobile":{"background-color":"var(--ast-global-color-5)","background-image":"","background-repeat":"repeat","background-position":"center center","background-size":"auto","background-attachment":"scroll","background-type":"","background-media":"","overlay-type":"","overlay-color":"","overlay-gradient":""}}},"product_cat":[65],"product_tag":[],"class_list":{"0":"post-1646","1":"product","2":"type-product","3":"status-publish","4":"has-post-thumbnail","6":"product_cat-serviettes-de-plage-en-microfibre","7":"pa_number-of-item-1-avec-sac","8":"pa_number-of-item-6-fr","9":"desktop-align-left","10":"tablet-align-left","11":"mobile-align-center","13":"first","14":"instock","15":"taxable","16":"shipping-taxable","17":"purchasable","18":"product-type-variable","19":"has-default-attributes"},"_links":{"self":[{"href":"https:\/\/towelistic.ca\/fr\/wp-json\/wp\/v2\/product\/1646","targetHints":{"allow":["GET"]}}],"collection":[{"href":"https:\/\/towelistic.ca\/fr\/wp-json\/wp\/v2\/product"}],"about":[{"href":"https:\/\/towelistic.ca\/fr\/wp-json\/wp\/v2\/types\/product"}],"replies":[{"embeddable":true,"href":"https:\/\/towelistic.ca\/fr\/wp-json\/wp\/v2\/comments?post=1646"}],"wp:featuredmedia":[{"embeddable":true,"href":"https:\/\/towelistic.ca\/fr\/wp-json\/wp\/v2\/media\/2704"}],"wp:attachment":[{"href":"https:\/\/towelistic.ca\/fr\/wp-json\/wp\/v2\/media?parent=1646"}],"wp:term":[{"taxonomy":"product_cat","embeddable":true,"href":"https:\/\/towelistic.ca\/fr\/wp-json\/wp\/v2\/product_cat?post=1646"},{"taxonomy":"product_tag","embeddable":true,"href":"https:\/\/towelistic.ca\/fr\/wp-json\/wp\/v2\/product_tag?post=1646"}],"curies":[{"name":"wp","href":"https:\/\/api.w.org\/{rel}","templated":true}]}}