{"id":1673,"date":"2023-08-31T04:28:00","date_gmt":"2023-08-31T04:28:00","guid":{"rendered":"https:\/\/towelistic.ca\/product\/serviette-de-bain-turque-avec-bordure-blanche-oxley\/"},"modified":"2023-12-16T21:21:54","modified_gmt":"2023-12-16T21:21:54","slug":"bordure-blanche-design-9","status":"publish","type":"product","link":"https:\/\/towelistic.ca\/fr\/produit\/bordure-blanche-design-9\/","title":{"rendered":"Bordure blanche Design 9"},"content":{"rendered":"<ul>\n<li><strong>S\u00e9chage rapide<\/strong> &#8211; S\u00e8che 3 fois plus vite<\/li>\n<li><strong>Super absorbant<\/strong> &#8211; Absorbe 2 fois plus d&rsquo;eau<\/li>\n<li><strong>Compact et l\u00e9ger<\/strong> &#8211; occupe moins de la moiti\u00e9 de l&rsquo;espace et du poids<\/li>\n<li><strong>Sans sable<\/strong> &#8211; Le sable glisse sans effort<\/li>\n<li><strong>Douceur<\/strong> &#8211; Toucher luxueux semblable \u00e0 celui du daim<\/li>\n<\/ul>\n<p>Prendre soin de votre serviette ne pourrait pas \u00eatre plus facile !<\/p>\n<ul>\n<li>Laver \u00e0 l&rsquo;eau froide (30\u02daC) avec des couleurs similaires.<\/li>\n<li>Ne pas utiliser d&rsquo;eau de Javel ou d&rsquo;assouplissant.<\/li>\n<li>S\u00e9chage par culbutage \u00e0 basse temp\u00e9rature ou \u00e0 l&rsquo;air libre &#8211; l&rsquo;environnement vous remerciera !<\/li>\n<li>Ne pas repasser<\/li>\n<\/ul>\n","protected":false},"excerpt":{"rendered":"<p>Combinant haute performance et style, nous sommes bien plus qu&rsquo;une serviette ordinaire !<\/p>\n<p class=\"products_pcs\">6 pi\u00e8ces par bo\u00eete<\/p>\n","protected":false},"featured_media":1464,"comment_status":"open","ping_status":"closed","template":"","meta":{"_lmt_disableupdate":"","_lmt_disable":"","site-sidebar-layout":"default","site-content-layout":"default","ast-site-content-layout":"default","site-content-style":"default","site-sidebar-style":"default","ast-global-header-display":"","ast-banner-title-visibility":"","ast-main-header-display":"","ast-hfb-above-header-display":"","ast-hfb-below-header-display":"","ast-hfb-mobile-header-display":"","site-post-title":"","ast-breadcrumbs-content":"","ast-featured-img":"","footer-sml-layout":"","theme-transparent-header-meta":"default","adv-header-id-meta":"","stick-header-meta":"","header-above-stick-meta":"","header-main-stick-meta":"","header-below-stick-meta":"","astra-migrate-meta-layouts":"set","ast-page-background-enabled":"default","ast-page-background-meta":{"desktop":{"background-color":"var(--ast-global-color-4)","background-image":"","background-repeat":"repeat","background-position":"center center","background-size":"auto","background-attachment":"scroll","background-type":"","background-media":"","overlay-type":"","overlay-color":"","overlay-gradient":""},"tablet":{"background-color":"","background-image":"","background-repeat":"repeat","background-position":"center center","background-size":"auto","background-attachment":"scroll","background-type":"","background-media":"","overlay-type":"","overlay-color":"","overlay-gradient":""},"mobile":{"background-color":"","background-image":"","background-repeat":"repeat","background-position":"center center","background-size":"auto","background-attachment":"scroll","background-type":"","background-media":"","overlay-type":"","overlay-color":"","overlay-gradient":""}},"ast-content-background-meta":{"desktop":{"background-color":"var(--ast-global-color-5)","background-image":"","background-repeat":"repeat","background-position":"center center","background-size":"auto","background-attachment":"scroll","background-type":"","background-media":"","overlay-type":"","overlay-color":"","overlay-gradient":""},"tablet":{"background-color":"var(--ast-global-color-5)","background-image":"","background-repeat":"repeat","background-position":"center center","background-size":"auto","background-attachment":"scroll","background-type":"","background-media":"","overlay-type":"","overlay-color":"","overlay-gradient":""},"mobile":{"background-color":"var(--ast-global-color-5)","background-image":"","background-repeat":"repeat","background-position":"center center","background-size":"auto","background-attachment":"scroll","background-type":"","background-media":"","overlay-type":"","overlay-color":"","overlay-gradient":""}}},"product_cat":[63],"product_tag":[],"class_list":{"0":"post-1673","1":"product","2":"type-product","3":"status-publish","4":"has-post-thumbnail","6":"product_cat-non-classifiee","7":"desktop-align-left","8":"tablet-align-left","9":"mobile-align-center","11":"first","12":"onbackorder","13":"taxable","14":"shipping-taxable","15":"purchasable","16":"product-type-simple"},"_links":{"self":[{"href":"https:\/\/towelistic.ca\/fr\/wp-json\/wp\/v2\/product\/1673","targetHints":{"allow":["GET"]}}],"collection":[{"href":"https:\/\/towelistic.ca\/fr\/wp-json\/wp\/v2\/product"}],"about":[{"href":"https:\/\/towelistic.ca\/fr\/wp-json\/wp\/v2\/types\/product"}],"replies":[{"embeddable":true,"href":"https:\/\/towelistic.ca\/fr\/wp-json\/wp\/v2\/comments?post=1673"}],"wp:featuredmedia":[{"embeddable":true,"href":"https:\/\/towelistic.ca\/fr\/wp-json\/wp\/v2\/media\/1464"}],"wp:attachment":[{"href":"https:\/\/towelistic.ca\/fr\/wp-json\/wp\/v2\/media?parent=1673"}],"wp:term":[{"taxonomy":"product_cat","embeddable":true,"href":"https:\/\/towelistic.ca\/fr\/wp-json\/wp\/v2\/product_cat?post=1673"},{"taxonomy":"product_tag","embeddable":true,"href":"https:\/\/towelistic.ca\/fr\/wp-json\/wp\/v2\/product_tag?post=1673"}],"curies":[{"name":"wp","href":"https:\/\/api.w.org\/{rel}","templated":true}]}}